{"id":99,"date":"2013-12-23T10:44:02","date_gmt":"2013-12-23T09:44:02","guid":{"rendered":"http:\/\/kumla.naturskyddsforeningen.se\/?page_id=99"},"modified":"2018-11-09T11:41:59","modified_gmt":"2018-11-09T10:41:59","slug":"sodra-mossby","status":"publish","type":"page","link":"https:\/\/kumla.naturskyddsforeningen.se\/?page_id=99","title":{"rendered":"S\u00f6dra Mossby"},"content":{"rendered":"<p><strong>S\u00f6dra Mossby natutminne, ca 0,5 ha<br \/>\n<\/strong>Det \u00e4r ett naturminne p\u00e5 kalkstensgrund med st\u00e4ppartad flora. S\u00e4fferot, gullviva, darrgr\u00e4s, klasefibbla, sommarfibbla olvon \u00e4r vanliga karakt\u00e4rsv\u00e4xter. F\u00e4rgmadran har sin v\u00e4stligaste utbredning h\u00e4r.<br \/>\n<strong>L\u00e4ge<\/strong> : 7 km sydost Kumla efter v\u00e4g Norra Mossby \u2013 Breds\u00e4tter.<br \/>\n<strong>V\u00e4gbeskrivning<\/strong> : \u00c5k f\u00f6rst 600 m s\u00f6derut v\u00e4gen Norra Mossby \u2013 Breds\u00e4tter, tag av nedfart \u00f6sterut ca 200 m s\u00f6der om gamla ordenshuset, sen 400 m genom l\u00f6vskogen, med m\u00e4ngder av bl\u00e5sippor. Naturminnet ligger intill den gamla s\u00e5gen.<\/p>\n","protected":false},"excerpt":{"rendered":"<p>S\u00f6dra Mossby natutminne, ca 0,5 ha Det \u00e4r ett naturminne p\u00e5 kalkstensgrund med st\u00e4ppartad flora. S\u00e4fferot, gullviva, darrgr\u00e4s, klasefibbla, sommarfibbla olvon \u00e4r vanliga karakt\u00e4rsv\u00e4xter. F\u00e4rgmadran har sin v\u00e4stligaste utbredning h\u00e4r. L\u00e4ge : 7 km sydost Kumla efter v\u00e4g Norra Mossby \u2013 Breds\u00e4tter. V\u00e4gbeskrivning : \u00c5k f\u00f6rst 600 m s\u00f6derut v\u00e4gen Norra Mossby \u2013 Breds\u00e4tter, tag [&hellip;]<\/p>\n","protected":false},"author":173,"featured_media":0,"parent":29,"menu_order":0,"comment_status":"open","ping_status":"open","template":"","meta":{"_acf_changed":false,"footnotes":""},"acf":[],"jetpack_sharing_enabled":true,"featured_image_src":null,"featured_image_src_square":null,"_links":{"self":[{"href":"https:\/\/kumla.naturskyddsforeningen.se\/index.php?rest_route=\/wp\/v2\/pages\/99"}],"collection":[{"href":"https:\/\/kumla.naturskyddsforeningen.se\/index.php?rest_route=\/wp\/v2\/pages"}],"about":[{"href":"https:\/\/kumla.naturskyddsforeningen.se\/index.php?rest_route=\/wp\/v2\/types\/page"}],"author":[{"embeddable":true,"href":"https:\/\/kumla.naturskyddsforeningen.se\/index.php?rest_route=\/wp\/v2\/users\/173"}],"replies":[{"embeddable":true,"href":"https:\/\/kumla.naturskyddsforeningen.se\/index.php?rest_route=%2Fwp%2Fv2%2Fcomments&post=99"}],"version-history":[{"count":3,"href":"https:\/\/kumla.naturskyddsforeningen.se\/index.php?rest_route=\/wp\/v2\/pages\/99\/revisions"}],"predecessor-version":[{"id":266,"href":"https:\/\/kumla.naturskyddsforeningen.se\/index.php?rest_route=\/wp\/v2\/pages\/99\/revisions\/266"}],"up":[{"embeddable":true,"href":"https:\/\/kumla.naturskyddsforeningen.se\/index.php?rest_route=\/wp\/v2\/pages\/29"}],"wp:attachment":[{"href":"https:\/\/kumla.naturskyddsforeningen.se\/index.php?rest_route=%2Fwp%2Fv2%2Fmedia&parent=99"}],"curies":[{"name":"wp","href":"https:\/\/api.w.org\/{rel}","templated":true}]}}