{"id":92,"date":"2013-12-23T10:39:51","date_gmt":"2013-12-23T09:39:51","guid":{"rendered":"http:\/\/kumla.naturskyddsforeningen.se\/?page_id=92"},"modified":"2018-11-09T11:33:04","modified_gmt":"2018-11-09T10:33:04","slug":"nykvarn","status":"publish","type":"page","link":"https:\/\/kumla.naturskyddsforeningen.se\/?page_id=92","title":{"rendered":"Nykvarn"},"content":{"rendered":"<p><strong>Nykvarn (Gr\u00e4nby kvarn) och Blacksta\u00e5n<\/strong><span style=\"font-family: Arial, Helvetica, sans-serif\"> . <\/span><\/p>\n<p><span style=\"font-family: Arial, Helvetica, sans-serif\">En 2 km l\u00e5ng fri \u00e5str\u00e4cka \u00e4r central i omr\u00e5det med ca 4 m fallh\u00f6jd, unikt f\u00f6r Kumlasl\u00e4tten. Vid \u00e5n g\u00e4star gr\u00e4sand, skogssn\u00e4ppa, drillsn\u00e4ppa, r\u00f6rs\u00e5ngare och ormvr\u00e5k bl a. I de omkringliggande \u00e4ngs- och hagmarkerna finns svinrot, nattviol, bl\u00e5suga, backanis, \u00e4ngs- och \u00e5kerv\u00e4dd, bl\u00e5klocka, \u00e4ngsbr\u00e4sma, g\u00f6k\u00e4rt m fl.<br \/>\nIntill cykelv\u00e4gen strax s\u00f6der om cykelbron v\u00e4xer i riklig m\u00e4ngd den r\u00f6dlistade, vackert r\u00f6da kn\u00f6lvialen. R\u00e5djur, hare, r\u00e4v, gr\u00e4vling h\u00e4lsar ofta p\u00e5 vid kvarnen. B\u00e4ver finns i omr\u00e5det.<br \/>\n<\/span><span style=\"font-family: Arial, Helvetica, sans-serif\"><strong>L\u00e4ge<\/strong> : 200 m s\u00f6der om v\u00e4g 52.<br \/>\n<\/span><span style=\"font-family: Arial, Helvetica, sans-serif\"><strong>V\u00e4gbeskrivning<\/strong> : \u00c5k cykelv\u00e4gen s\u00f6derut fr\u00e5n Kumlaby mot Sannahed eller 1 km nordv\u00e4st Gr\u00e4nby g\u00e5rd i Sannahed.<br \/>\n<\/span><\/p>\n","protected":false},"excerpt":{"rendered":"<p>Nykvarn (Gr\u00e4nby kvarn) och Blacksta\u00e5n . En 2 km l\u00e5ng fri \u00e5str\u00e4cka \u00e4r central i omr\u00e5det med ca 4 m fallh\u00f6jd, unikt f\u00f6r Kumlasl\u00e4tten. Vid \u00e5n g\u00e4star gr\u00e4sand, skogssn\u00e4ppa, drillsn\u00e4ppa, r\u00f6rs\u00e5ngare och ormvr\u00e5k bl a. I de omkringliggande \u00e4ngs- och hagmarkerna finns svinrot, nattviol, bl\u00e5suga, backanis, \u00e4ngs- och \u00e5kerv\u00e4dd, bl\u00e5klocka, \u00e4ngsbr\u00e4sma, g\u00f6k\u00e4rt m fl. Intill [&hellip;]<\/p>\n","protected":false},"author":173,"featured_media":0,"parent":29,"menu_order":0,"comment_status":"open","ping_status":"open","template":"","meta":{"_acf_changed":false,"footnotes":""},"acf":[],"jetpack_sharing_enabled":true,"featured_image_src":null,"featured_image_src_square":null,"_links":{"self":[{"href":"https:\/\/kumla.naturskyddsforeningen.se\/index.php?rest_route=\/wp\/v2\/pages\/92"}],"collection":[{"href":"https:\/\/kumla.naturskyddsforeningen.se\/index.php?rest_route=\/wp\/v2\/pages"}],"about":[{"href":"https:\/\/kumla.naturskyddsforeningen.se\/index.php?rest_route=\/wp\/v2\/types\/page"}],"author":[{"embeddable":true,"href":"https:\/\/kumla.naturskyddsforeningen.se\/index.php?rest_route=\/wp\/v2\/users\/173"}],"replies":[{"embeddable":true,"href":"https:\/\/kumla.naturskyddsforeningen.se\/index.php?rest_route=%2Fwp%2Fv2%2Fcomments&post=92"}],"version-history":[{"count":2,"href":"https:\/\/kumla.naturskyddsforeningen.se\/index.php?rest_route=\/wp\/v2\/pages\/92\/revisions"}],"predecessor-version":[{"id":262,"href":"https:\/\/kumla.naturskyddsforeningen.se\/index.php?rest_route=\/wp\/v2\/pages\/92\/revisions\/262"}],"up":[{"embeddable":true,"href":"https:\/\/kumla.naturskyddsforeningen.se\/index.php?rest_route=\/wp\/v2\/pages\/29"}],"wp:attachment":[{"href":"https:\/\/kumla.naturskyddsforeningen.se\/index.php?rest_route=%2Fwp%2Fv2%2Fmedia&parent=92"}],"curies":[{"name":"wp","href":"https:\/\/api.w.org\/{rel}","templated":true}]}}