{"id":89,"date":"2013-12-23T10:32:15","date_gmt":"2013-12-23T09:32:15","guid":{"rendered":"http:\/\/kumla.naturskyddsforeningen.se\/?page_id=89"},"modified":"2018-11-09T11:31:57","modified_gmt":"2018-11-09T10:31:57","slug":"norra-mossby","status":"publish","type":"page","link":"https:\/\/kumla.naturskyddsforeningen.se\/?page_id=89","title":{"rendered":"Norra Mossby"},"content":{"rendered":"<p><strong>Norra Mossby, ca 2 ha<\/strong><span style=\"font-family: Arial, Helvetica, sans-serif\">\u00a0 <strong>H\u00e4llabrottet<\/strong> <\/span><\/p>\n<p><span style=\"font-family: Arial, Helvetica, sans-serif\">Omr\u00e5det \u00e4r naturreservat p\u00e5 kalkstensgrund med st\u00e4ppartad vegetation och artrik flora, m\u00e5nga oxeltr\u00e4d och getapel, liksom jordtistel, daldocka (trollius europ\u00e9e), buskviol, klasefibbla, rosettjungfrulin, getrams, darrgr\u00e4s, f\u00e5gelstarr och bl\u00e5try. Omr\u00e5det har kulturl\u00e4mningar.<br \/>\n<strong>L\u00e4ge<\/strong> : 6 km ostsydost Kumla i H\u00e4llabrottet.<br \/>\n<strong>V\u00e4gbeskrivning<\/strong> : \u00c5k v\u00e4g 52 \u00f6sterut ca 5 km fr\u00e5n Kumla, vid N\u00e4rkefrakt tag av s\u00f6derut, efter j\u00e4rnv\u00e4gs\u00f6verg\u00e5ng och n\u00e5gra vattenfyllda kalkstensbrott efter ca 2 km ligger reservatet vid v\u00e4gens \u00f6stra sida.<\/span><\/p>\n","protected":false},"excerpt":{"rendered":"<p>Norra Mossby, ca 2 ha\u00a0 H\u00e4llabrottet Omr\u00e5det \u00e4r naturreservat p\u00e5 kalkstensgrund med st\u00e4ppartad vegetation och artrik flora, m\u00e5nga oxeltr\u00e4d och getapel, liksom jordtistel, daldocka (trollius europ\u00e9e), buskviol, klasefibbla, rosettjungfrulin, getrams, darrgr\u00e4s, f\u00e5gelstarr och bl\u00e5try. Omr\u00e5det har kulturl\u00e4mningar. L\u00e4ge : 6 km ostsydost Kumla i H\u00e4llabrottet. V\u00e4gbeskrivning : \u00c5k v\u00e4g 52 \u00f6sterut ca 5 km fr\u00e5n [&hellip;]<\/p>\n","protected":false},"author":173,"featured_media":0,"parent":29,"menu_order":0,"comment_status":"open","ping_status":"open","template":"","meta":{"_acf_changed":false,"footnotes":""},"acf":[],"jetpack_sharing_enabled":true,"featured_image_src":null,"featured_image_src_square":null,"_links":{"self":[{"href":"https:\/\/kumla.naturskyddsforeningen.se\/index.php?rest_route=\/wp\/v2\/pages\/89"}],"collection":[{"href":"https:\/\/kumla.naturskyddsforeningen.se\/index.php?rest_route=\/wp\/v2\/pages"}],"about":[{"href":"https:\/\/kumla.naturskyddsforeningen.se\/index.php?rest_route=\/wp\/v2\/types\/page"}],"author":[{"embeddable":true,"href":"https:\/\/kumla.naturskyddsforeningen.se\/index.php?rest_route=\/wp\/v2\/users\/173"}],"replies":[{"embeddable":true,"href":"https:\/\/kumla.naturskyddsforeningen.se\/index.php?rest_route=%2Fwp%2Fv2%2Fcomments&post=89"}],"version-history":[{"count":3,"href":"https:\/\/kumla.naturskyddsforeningen.se\/index.php?rest_route=\/wp\/v2\/pages\/89\/revisions"}],"predecessor-version":[{"id":261,"href":"https:\/\/kumla.naturskyddsforeningen.se\/index.php?rest_route=\/wp\/v2\/pages\/89\/revisions\/261"}],"up":[{"embeddable":true,"href":"https:\/\/kumla.naturskyddsforeningen.se\/index.php?rest_route=\/wp\/v2\/pages\/29"}],"wp:attachment":[{"href":"https:\/\/kumla.naturskyddsforeningen.se\/index.php?rest_route=%2Fwp%2Fv2%2Fmedia&parent=89"}],"curies":[{"name":"wp","href":"https:\/\/api.w.org\/{rel}","templated":true}]}}