{"id":83,"date":"2013-11-27T15:27:50","date_gmt":"2013-11-27T14:27:50","guid":{"rendered":"http:\/\/kumla.naturskyddsforeningen.se\/?page_id=83"},"modified":"2018-11-09T11:55:25","modified_gmt":"2018-11-09T10:55:25","slug":"hallkistan","status":"publish","type":"page","link":"https:\/\/kumla.naturskyddsforeningen.se\/?page_id=83","title":{"rendered":"H\u00e4llkistan"},"content":{"rendered":"<p><strong>H\u00e4llkistan, N Yxhult ca 3 ha.<br \/>\n<\/strong>Omr\u00e5det \u00e4r naturreservat sedan 2015. Kalkstensomr\u00e5det med <em>h\u00e4llekista<\/em> fr\u00e5n sten\u00e5ldern, <em>stenarbetarnas gamla tr\u00e4dg\u00e5rdar<\/em> samt ett \u00e4ldre <em>kalkstensbrott<\/em>\u00a0. Runt h\u00e4llekistan sl\u00e5s\u00a0 gr\u00e4set och\u00a0 pga kalk i marken liknar floran \u00d6lands alvar. Karakt\u00e4rsv\u00e4xter f\u00f6r omr\u00e5det \u00e4r bl a grusbr\u00e4cka, harmynta, v\u00e5rfinger\u00f6rt, back-l\u00f6k, s\u00f6tvedel, sp\u00e5tistel sommarfibbla och klasefibbla. I syd\u00f6stra h\u00f6rnet finns ett litet kalkrikk\u00e4rr, d\u00e4r en m\u00e4ngd \u00e4ngsnycklar (r\u00f6d orkide) v\u00e4xer under normal\u00e5r. Sommaren 2018 var f\u00f6r torr f\u00f6r att det skulle bli n\u00e5gon blomning.<br \/>\nResevatet g\u00e5r \u00e4nda ned till stenarbetsmuseett.<\/p>\n<p><span style=\"font-family: Arial, Helvetica, sans-serif\"><strong>L\u00e4ge:<\/strong> 500 m s\u00f6der fr\u00e5n v\u00e4rdshuset Trilobiten (gamla Ytongs rustika kalkstens-byggnad) i H\u00e4llabrottet.<br \/>\n<\/span><span style=\"font-family: Arial, Helvetica, sans-serif\"><strong>V\u00e4gbeskrivning :<\/strong> Tag av intill v\u00e4rdshuset Trilobit, \u00e5k s\u00f6der ca 500 m p\u00e5 liten grusv\u00e4g mot Hynneberg &#8211; Vesta. Omr\u00e5det ligger p\u00e5 v\u00e4gens \u00f6stra sida. <\/span><\/p>\n","protected":false},"excerpt":{"rendered":"<p>H\u00e4llkistan, N Yxhult ca 3 ha. Omr\u00e5det \u00e4r naturreservat sedan 2015. Kalkstensomr\u00e5det med h\u00e4llekista fr\u00e5n sten\u00e5ldern, stenarbetarnas gamla tr\u00e4dg\u00e5rdar samt ett \u00e4ldre kalkstensbrott\u00a0. Runt h\u00e4llekistan sl\u00e5s\u00a0 gr\u00e4set och\u00a0 pga kalk i marken liknar floran \u00d6lands alvar. Karakt\u00e4rsv\u00e4xter f\u00f6r omr\u00e5det \u00e4r bl a grusbr\u00e4cka, harmynta, v\u00e5rfinger\u00f6rt, back-l\u00f6k, s\u00f6tvedel, sp\u00e5tistel sommarfibbla och klasefibbla. I syd\u00f6stra h\u00f6rnet finns [&hellip;]<\/p>\n","protected":false},"author":173,"featured_media":0,"parent":29,"menu_order":0,"comment_status":"open","ping_status":"open","template":"","meta":{"_acf_changed":false,"footnotes":""},"acf":[],"jetpack_sharing_enabled":true,"featured_image_src":null,"featured_image_src_square":null,"_links":{"self":[{"href":"https:\/\/kumla.naturskyddsforeningen.se\/index.php?rest_route=\/wp\/v2\/pages\/83"}],"collection":[{"href":"https:\/\/kumla.naturskyddsforeningen.se\/index.php?rest_route=\/wp\/v2\/pages"}],"about":[{"href":"https:\/\/kumla.naturskyddsforeningen.se\/index.php?rest_route=\/wp\/v2\/types\/page"}],"author":[{"embeddable":true,"href":"https:\/\/kumla.naturskyddsforeningen.se\/index.php?rest_route=\/wp\/v2\/users\/173"}],"replies":[{"embeddable":true,"href":"https:\/\/kumla.naturskyddsforeningen.se\/index.php?rest_route=%2Fwp%2Fv2%2Fcomments&post=83"}],"version-history":[{"count":4,"href":"https:\/\/kumla.naturskyddsforeningen.se\/index.php?rest_route=\/wp\/v2\/pages\/83\/revisions"}],"predecessor-version":[{"id":274,"href":"https:\/\/kumla.naturskyddsforeningen.se\/index.php?rest_route=\/wp\/v2\/pages\/83\/revisions\/274"}],"up":[{"embeddable":true,"href":"https:\/\/kumla.naturskyddsforeningen.se\/index.php?rest_route=\/wp\/v2\/pages\/29"}],"wp:attachment":[{"href":"https:\/\/kumla.naturskyddsforeningen.se\/index.php?rest_route=%2Fwp%2Fv2%2Fmedia&parent=83"}],"curies":[{"name":"wp","href":"https:\/\/api.w.org\/{rel}","templated":true}]}}