{"id":69,"date":"2013-11-27T14:56:22","date_gmt":"2013-11-27T13:56:22","guid":{"rendered":"http:\/\/kumla.naturskyddsforeningen.se\/?page_id=69"},"modified":"2018-11-09T11:28:52","modified_gmt":"2018-11-09T10:28:52","slug":"lekebacken","status":"publish","type":"page","link":"https:\/\/kumla.naturskyddsforeningen.se\/?page_id=69","title":{"rendered":"Lekebacken"},"content":{"rendered":"<p><span style=\"font-family: Arial, Helvetica, sans-serif\"><strong>Lekebacken, Hjortsberga ca 2 ha, <\/strong><\/span><\/p>\n<p><span style=\"font-family: Arial, Helvetica, sans-serif\">Omr\u00e5det \u00e4r skyddat enligt fornminneslagen.Det \u00e4r fr\u00e5n vikingatiden med gravar och domarring, stor stenh\u00f6g fr\u00e5n brons\u00e5ldern. Enebuskar, ljung och torr\u00e4ngsv\u00e4xter dominerar omr\u00e5det, som ocks\u00e5 har en vacker landskapsprofil. Backsippa, kn\u00f6lsm\u00f6rblomma finns d\u00e4r bl a. Backsippebest\u00e5ndet har \u00f6kat genom ins\u00e5dd under 2008 &#8211; 2013.<br \/>\n<\/span><span style=\"font-family: Arial, Helvetica, sans-serif\"><strong>L\u00e4ge<\/strong>: 1,5 km s\u00f6der \u00c4lvesta, eller 1,5 km \u00f6ster om Kumla vattenverk i Blacksta.<br \/>\n<\/span><span style=\"font-family: Arial, Helvetica, sans-serif\"><strong>V\u00e4gbeskrivning<\/strong>: ca 1,5 km s\u00f6der \u00c4lvesta v\u00e4gkors, ligger i Hjortsberga by.<\/span><\/p>\n","protected":false},"excerpt":{"rendered":"<p>Lekebacken, Hjortsberga ca 2 ha, Omr\u00e5det \u00e4r skyddat enligt fornminneslagen.Det \u00e4r fr\u00e5n vikingatiden med gravar och domarring, stor stenh\u00f6g fr\u00e5n brons\u00e5ldern. Enebuskar, ljung och torr\u00e4ngsv\u00e4xter dominerar omr\u00e5det, som ocks\u00e5 har en vacker landskapsprofil. Backsippa, kn\u00f6lsm\u00f6rblomma finns d\u00e4r bl a. Backsippebest\u00e5ndet har \u00f6kat genom ins\u00e5dd under 2008 &#8211; 2013. L\u00e4ge: 1,5 km s\u00f6der \u00c4lvesta, eller 1,5 [&hellip;]<\/p>\n","protected":false},"author":173,"featured_media":0,"parent":29,"menu_order":0,"comment_status":"open","ping_status":"open","template":"","meta":{"_acf_changed":false,"footnotes":""},"acf":[],"jetpack_sharing_enabled":true,"featured_image_src":null,"featured_image_src_square":null,"_links":{"self":[{"href":"https:\/\/kumla.naturskyddsforeningen.se\/index.php?rest_route=\/wp\/v2\/pages\/69"}],"collection":[{"href":"https:\/\/kumla.naturskyddsforeningen.se\/index.php?rest_route=\/wp\/v2\/pages"}],"about":[{"href":"https:\/\/kumla.naturskyddsforeningen.se\/index.php?rest_route=\/wp\/v2\/types\/page"}],"author":[{"embeddable":true,"href":"https:\/\/kumla.naturskyddsforeningen.se\/index.php?rest_route=\/wp\/v2\/users\/173"}],"replies":[{"embeddable":true,"href":"https:\/\/kumla.naturskyddsforeningen.se\/index.php?rest_route=%2Fwp%2Fv2%2Fcomments&post=69"}],"version-history":[{"count":3,"href":"https:\/\/kumla.naturskyddsforeningen.se\/index.php?rest_route=\/wp\/v2\/pages\/69\/revisions"}],"predecessor-version":[{"id":259,"href":"https:\/\/kumla.naturskyddsforeningen.se\/index.php?rest_route=\/wp\/v2\/pages\/69\/revisions\/259"}],"up":[{"embeddable":true,"href":"https:\/\/kumla.naturskyddsforeningen.se\/index.php?rest_route=\/wp\/v2\/pages\/29"}],"wp:attachment":[{"href":"https:\/\/kumla.naturskyddsforeningen.se\/index.php?rest_route=%2Fwp%2Fv2%2Fmedia&parent=69"}],"curies":[{"name":"wp","href":"https:\/\/api.w.org\/{rel}","templated":true}]}}