{"id":64,"date":"2013-11-27T14:53:03","date_gmt":"2013-11-27T13:53:03","guid":{"rendered":"http:\/\/kumla.naturskyddsforeningen.se\/?page_id=64"},"modified":"2018-11-09T11:24:26","modified_gmt":"2018-11-09T10:24:26","slug":"kvismaren","status":"publish","type":"page","link":"https:\/\/kumla.naturskyddsforeningen.se\/?page_id=64","title":{"rendered":"Kvismaren"},"content":{"rendered":"<p style=\"text-align: center\"><strong><a href=\"https:\/\/kumla.naturskyddsforeningen.se\/wp-content\/uploads\/sites\/161\/2013\/11\/kvismaren1.jpg\"><img loading=\"lazy\" decoding=\"async\" class=\"size-full wp-image-65 aligncenter\" src=\"https:\/\/kumla.naturskyddsforeningen.se\/wp-content\/uploads\/sites\/161\/2013\/11\/kvismaren1.jpg\" alt=\"kvismaren1\" width=\"420\" height=\"315\" srcset=\"https:\/\/kumla.naturskyddsforeningen.se\/wp-content\/uploads\/sites\/161\/2013\/11\/kvismaren1.jpg 420w, https:\/\/kumla.naturskyddsforeningen.se\/wp-content\/uploads\/sites\/161\/2013\/11\/kvismaren1-300x225.jpg 300w\" sizes=\"(max-width: 420px) 100vw, 420px\" \/><\/a><\/strong><\/p>\n<p><strong>Kvismaren, internationellt k\u00e4nt v\u00e5tmarksomr\u00e5de f\u00f6r f\u00e5glar, <\/strong><span style=\"font-family: Arial, Helvetica, sans-serif\">som till en del ligger i \u00f6stligaste delen av Kumla. Omr\u00e5det h\u00f6ll p\u00e5 att v\u00e4xa igen efter de stora sj\u00f6s\u00e4nkningarna och utdikningarna p\u00e5 1800-talet. Men renoverades och blev till ett naturreservat p\u00e5 70-talet. Nu ser man stora flockar av g\u00e4ss och tranor h\u00f6st och v\u00e5r, \u00f6rnar \u00e5ret runt och m\u00e5nga sj\u00f6f\u00e5glar och sm\u00e5f\u00e5glar bl a. B\u00e4ver och utter har kommit tillbaka. Ormarnas uppvaknande och parningslek p\u00e5 v\u00e5ren \u00e4r unik. Det finns en stor bilparkering, f\u00e5geltorn och g\u00f6msle invid \u00d6bykulle, plattform vid Fiskingemaden och flera stigar att g\u00e5 p\u00e5.<br \/>\n<\/span><span style=\"font-family: Arial, Helvetica, sans-serif\"><strong>L\u00e4ge: <\/strong>20 km rakt \u00f6sterut fr\u00e5n Kumla i Ekebys \u00f6stligaste del.<br \/>\n<\/span><span style=\"font-family: Arial, Helvetica, sans-serif\"><strong>V\u00e4gbeskrivning:<\/strong> \u00c5k v\u00e4gen mot Ekeby och forts\u00e4tt till Torsta by, tag av \u00f6sterut (v\u00e4nster). Nyn\u00e4s herrg\u00e5rd och Kilsg\u00e5rden syns p\u00e5 v\u00e4nster sida. Forts\u00e4tt \u00f6ver f\u00e4lten.<\/span><\/p>\n","protected":false},"excerpt":{"rendered":"<p>Kvismaren, internationellt k\u00e4nt v\u00e5tmarksomr\u00e5de f\u00f6r f\u00e5glar, som till en del ligger i \u00f6stligaste delen av Kumla. Omr\u00e5det h\u00f6ll p\u00e5 att v\u00e4xa igen efter de stora sj\u00f6s\u00e4nkningarna och utdikningarna p\u00e5 1800-talet. Men renoverades och blev till ett naturreservat p\u00e5 70-talet. Nu ser man stora flockar av g\u00e4ss och tranor h\u00f6st och v\u00e5r, \u00f6rnar \u00e5ret runt och [&hellip;]<\/p>\n","protected":false},"author":173,"featured_media":0,"parent":29,"menu_order":0,"comment_status":"open","ping_status":"open","template":"","meta":{"_acf_changed":false,"footnotes":""},"acf":[],"jetpack_sharing_enabled":true,"featured_image_src":null,"featured_image_src_square":null,"_links":{"self":[{"href":"https:\/\/kumla.naturskyddsforeningen.se\/index.php?rest_route=\/wp\/v2\/pages\/64"}],"collection":[{"href":"https:\/\/kumla.naturskyddsforeningen.se\/index.php?rest_route=\/wp\/v2\/pages"}],"about":[{"href":"https:\/\/kumla.naturskyddsforeningen.se\/index.php?rest_route=\/wp\/v2\/types\/page"}],"author":[{"embeddable":true,"href":"https:\/\/kumla.naturskyddsforeningen.se\/index.php?rest_route=\/wp\/v2\/users\/173"}],"replies":[{"embeddable":true,"href":"https:\/\/kumla.naturskyddsforeningen.se\/index.php?rest_route=%2Fwp%2Fv2%2Fcomments&post=64"}],"version-history":[{"count":2,"href":"https:\/\/kumla.naturskyddsforeningen.se\/index.php?rest_route=\/wp\/v2\/pages\/64\/revisions"}],"predecessor-version":[{"id":257,"href":"https:\/\/kumla.naturskyddsforeningen.se\/index.php?rest_route=\/wp\/v2\/pages\/64\/revisions\/257"}],"up":[{"embeddable":true,"href":"https:\/\/kumla.naturskyddsforeningen.se\/index.php?rest_route=\/wp\/v2\/pages\/29"}],"wp:attachment":[{"href":"https:\/\/kumla.naturskyddsforeningen.se\/index.php?rest_route=%2Fwp%2Fv2%2Fmedia&parent=64"}],"curies":[{"name":"wp","href":"https:\/\/api.w.org\/{rel}","templated":true}]}}