{"id":47,"date":"2013-11-26T15:45:12","date_gmt":"2013-11-26T14:45:12","guid":{"rendered":"http:\/\/kumla.naturskyddsforeningen.se\/?page_id=47"},"modified":"2014-01-29T09:46:17","modified_gmt":"2014-01-29T08:46:17","slug":"igeln","status":"publish","type":"page","link":"https:\/\/kumla.naturskyddsforeningen.se\/?page_id=47","title":{"rendered":"Igeln"},"content":{"rendered":"<p><strong><a href=\"https:\/\/kumla.naturskyddsforeningen.se\/wp-content\/uploads\/sites\/161\/2013\/11\/P4010011Igeln.jpg\"><img loading=\"lazy\" decoding=\"async\" class=\"size-full wp-image-50 aligncenter\" alt=\"P4010011Igeln\" src=\"https:\/\/kumla.naturskyddsforeningen.se\/wp-content\/uploads\/sites\/161\/2013\/11\/P4010011Igeln.jpg\" width=\"420\" height=\"315\" srcset=\"https:\/\/kumla.naturskyddsforeningen.se\/wp-content\/uploads\/sites\/161\/2013\/11\/P4010011Igeln.jpg 420w, https:\/\/kumla.naturskyddsforeningen.se\/wp-content\/uploads\/sites\/161\/2013\/11\/P4010011Igeln-300x225.jpg 300w\" sizes=\"(max-width: 420px) 100vw, 420px\" \/><\/a><\/strong><\/p>\n<p>&nbsp;<\/p>\n<p><strong>Igelnomr\u00e5det, ca 100 ha <\/strong>stort sj\u00f6omr\u00e5de med omkringliggande barrskog och mosskant. Sj\u00f6n \u00e4r unikt s\u00e5tillvida den har bra v\u00e4rden vad g\u00e4ller pH, \u00e4r inte f\u00f6rsurad trots att den ligger i ett barrskogsomr\u00e5de, men \u00e4r \u00f6verg\u00f6dd och har f\u00f6r h\u00f6ga halter av nitrat och fosfat. Den \u00e4r b\u00e5de en vassj\u00f6 (eutrof) och har n\u00e4ringsfattig mosskant med l\u00e5gt pH. <span style=\"font-family: Arial, Helvetica, sans-serif\">F\u00e5gellivet \u00e4r rikt liksom floran. Trana och s\u00e5ngsvan h\u00e4ckar, flera rovf\u00e5glar har sitt f\u00f6dos\u00f6k d\u00e4r, t ex fiskgjuse, olika h\u00f6kar, falkar och vr\u00e5kar, liksom katt- och p\u00e4rluggla, \u00e4nder, soth\u00f6ns och knipor lever i eller omkring sj\u00f6n.Andra arter \u00e4r g\u00e4rdsmyg , j\u00e4rnsparv, tofsmes, svartmes, skogssn\u00e4ppa och korsn\u00e4bb. <\/span><span style=\"font-family: Arial, Helvetica, sans-serif\">Vildsvin, \u00e4lg, dovhjort, r\u00e5djur, gr\u00e4vling, r\u00e4v och hare finns i omr\u00e5det. <\/span><span style=\"font-family: Arial, Helvetica, sans-serif\">I sj\u00f6n v\u00e4xer den inplanterade vattenalo\u00e9n (\u00e4ven kallad vattenhyacint), vattenbl\u00e4ddra och silesh\u00e5r (insekts\u00e4tare), gul och vit n\u00e4ckros. Vid torpgrunden Segolstorp \u00f6gonpyrola och \u00e4ngsbr\u00e4sma samt blomk\u00e5lssvamp har hittats i skogen. Vid sj\u00f6ns \u00f6stra kant \u00e4r sumpskogen av v\u00e4rde. <\/span><span style=\"font-family: Arial, Helvetica, sans-serif\">Sj\u00f6n har flera tilloppsb\u00e4ckar men bara en utloppsb\u00e4ck, som rinner vidare till Svennevads\u00e5n, sen Sottern och Nyk\u00f6pings\u00e5n. <\/span><span style=\"font-family: Arial, Helvetica, sans-serif\">Kumlakretsen av SNF har ett f\u00e5geltorn i nord\u00f6stra delen. F\u00e5geltornet \u00e4r nyrenoverat och rastplatsen nedanf\u00f6r \u00e4r upprustad. Omr\u00e5det ligger ej i Kumla utan i Hallsbergs kommun.<br \/>\n<\/span><span style=\"font-family: Arial, Helvetica, sans-serif\"><strong>L\u00e4ge:<\/strong> 17 km \u00f6ster om Kumla eller 3 km f\u00e5gelv\u00e4gen s\u00f6der om P\u00e5lsboda.<br \/>\n<\/span><span style=\"font-family: Arial, Helvetica, sans-serif\"><strong>V\u00e4gbeskrivning<\/strong> ; \u00c5k \u00f6sterut fr\u00e5n Kumla till Hallsberg-P\u00e5lsbodav\u00e4gen, tag av vid \u00c5lsta och f\u00f6rbi Herrfalls\u00e4ng, \u00c4mts\u00e4ter och tag av i n\u00e4sta v\u00e4gkors mot H\u00e4lla g\u00e5rd &#8211; P\u00e5lsboda. Strax innan H\u00e4lla tag av liten skogsv\u00e4g \u00f6ster om v\u00e4gen. Sen ca 1 km skogsv\u00e4g och ytterligare 400 m d\u00e5lig skogsv\u00e4g efter h\u00f6ger i T-kors.<\/span><\/p>\n","protected":false},"excerpt":{"rendered":"<p>&nbsp; Igelnomr\u00e5det, ca 100 ha stort sj\u00f6omr\u00e5de med omkringliggande barrskog och mosskant. Sj\u00f6n \u00e4r unikt s\u00e5tillvida den har bra v\u00e4rden vad g\u00e4ller pH, \u00e4r inte f\u00f6rsurad trots att den ligger i ett barrskogsomr\u00e5de, men \u00e4r \u00f6verg\u00f6dd och har f\u00f6r h\u00f6ga halter av nitrat och fosfat. Den \u00e4r b\u00e5de en vassj\u00f6 (eutrof) och har n\u00e4ringsfattig mosskant [&hellip;]<\/p>\n","protected":false},"author":173,"featured_media":0,"parent":29,"menu_order":0,"comment_status":"open","ping_status":"open","template":"","meta":{"_acf_changed":false,"footnotes":""},"acf":[],"jetpack_sharing_enabled":true,"featured_image_src":null,"featured_image_src_square":null,"_links":{"self":[{"href":"https:\/\/kumla.naturskyddsforeningen.se\/index.php?rest_route=\/wp\/v2\/pages\/47"}],"collection":[{"href":"https:\/\/kumla.naturskyddsforeningen.se\/index.php?rest_route=\/wp\/v2\/pages"}],"about":[{"href":"https:\/\/kumla.naturskyddsforeningen.se\/index.php?rest_route=\/wp\/v2\/types\/page"}],"author":[{"embeddable":true,"href":"https:\/\/kumla.naturskyddsforeningen.se\/index.php?rest_route=\/wp\/v2\/users\/173"}],"replies":[{"embeddable":true,"href":"https:\/\/kumla.naturskyddsforeningen.se\/index.php?rest_route=%2Fwp%2Fv2%2Fcomments&post=47"}],"version-history":[{"count":5,"href":"https:\/\/kumla.naturskyddsforeningen.se\/index.php?rest_route=\/wp\/v2\/pages\/47\/revisions"}],"predecessor-version":[{"id":130,"href":"https:\/\/kumla.naturskyddsforeningen.se\/index.php?rest_route=\/wp\/v2\/pages\/47\/revisions\/130"}],"up":[{"embeddable":true,"href":"https:\/\/kumla.naturskyddsforeningen.se\/index.php?rest_route=\/wp\/v2\/pages\/29"}],"wp:attachment":[{"href":"https:\/\/kumla.naturskyddsforeningen.se\/index.php?rest_route=%2Fwp%2Fv2%2Fmedia&parent=47"}],"curies":[{"name":"wp","href":"https:\/\/api.w.org\/{rel}","templated":true}]}}