{"id":41,"date":"2013-11-26T15:35:04","date_gmt":"2013-11-26T14:35:04","guid":{"rendered":"http:\/\/kumla.naturskyddsforeningen.se\/?page_id=41"},"modified":"2018-11-09T11:54:00","modified_gmt":"2018-11-09T10:54:00","slug":"ekebymossen","status":"publish","type":"page","link":"https:\/\/kumla.naturskyddsforeningen.se\/?page_id=41","title":{"rendered":"Ekebymossen"},"content":{"rendered":"<p><strong>Ekebymossens v\u00e4stra del ca 20 ha.<br \/>\n<\/strong>\u00c4r ett outbrutet skogsomr\u00e5de i den f\u00f6r \u00f6vrigt mycket exploaterade torvmossen. Omr\u00e5det \u00e4r en n\u00e4ringsfattig h\u00f6gmosse, men med liten p\u00e5verkan i modern tid. Gamla vresiga tallar och andra gamla tr\u00e4d och l\u00e5gor \u00e4r kvar i omr\u00e5det. Det finns \u00e4ven stora best\u00e5nd av liljekonvalj. Rester av den gamla mossbanan till Kumla \u00e5ngkvarn finns kvar och fundament av lagringsladan samt gamla utbrutna torvgravar. B\u00f6r skyddas och ing\u00e5 i \u00e5terst\u00e4llningsarbetet av mossen. Omr\u00e5dets \u00e4gs av Vallersta torvstr\u00f6f\u00f6rening. 2035 g\u00e5r brytningstillst\u00e5ndet ut.<\/p>\n<p><span style=\"font-family: Arial, Helvetica, sans-serif\"><strong>L\u00e4ge<\/strong>: 3 km norr om Kumla, efter utfarten mot motorv\u00e4gen E:20. <\/span><\/p>\n<p><span style=\"font-family: Arial, Helvetica, sans-serif\"><strong>V\u00e4gbeskrivning<\/strong>: \u00c5k ca 3 km norr om Kumla, tag av \u00f6ster om v\u00e4gen vid \u201dbomv\u00e4g\u201d, d\u00e4refter liten stig v\u00e4ster in mot skogsomr\u00e5det..<\/span><\/p>\n","protected":false},"excerpt":{"rendered":"<p>Ekebymossens v\u00e4stra del ca 20 ha. \u00c4r ett outbrutet skogsomr\u00e5de i den f\u00f6r \u00f6vrigt mycket exploaterade torvmossen. Omr\u00e5det \u00e4r en n\u00e4ringsfattig h\u00f6gmosse, men med liten p\u00e5verkan i modern tid. Gamla vresiga tallar och andra gamla tr\u00e4d och l\u00e5gor \u00e4r kvar i omr\u00e5det. Det finns \u00e4ven stora best\u00e5nd av liljekonvalj. Rester av den gamla mossbanan till [&hellip;]<\/p>\n","protected":false},"author":173,"featured_media":0,"parent":29,"menu_order":0,"comment_status":"open","ping_status":"open","template":"","meta":{"_acf_changed":false,"footnotes":""},"acf":[],"jetpack_sharing_enabled":true,"featured_image_src":null,"featured_image_src_square":null,"_links":{"self":[{"href":"https:\/\/kumla.naturskyddsforeningen.se\/index.php?rest_route=\/wp\/v2\/pages\/41"}],"collection":[{"href":"https:\/\/kumla.naturskyddsforeningen.se\/index.php?rest_route=\/wp\/v2\/pages"}],"about":[{"href":"https:\/\/kumla.naturskyddsforeningen.se\/index.php?rest_route=\/wp\/v2\/types\/page"}],"author":[{"embeddable":true,"href":"https:\/\/kumla.naturskyddsforeningen.se\/index.php?rest_route=\/wp\/v2\/users\/173"}],"replies":[{"embeddable":true,"href":"https:\/\/kumla.naturskyddsforeningen.se\/index.php?rest_route=%2Fwp%2Fv2%2Fcomments&post=41"}],"version-history":[{"count":4,"href":"https:\/\/kumla.naturskyddsforeningen.se\/index.php?rest_route=\/wp\/v2\/pages\/41\/revisions"}],"predecessor-version":[{"id":273,"href":"https:\/\/kumla.naturskyddsforeningen.se\/index.php?rest_route=\/wp\/v2\/pages\/41\/revisions\/273"}],"up":[{"embeddable":true,"href":"https:\/\/kumla.naturskyddsforeningen.se\/index.php?rest_route=\/wp\/v2\/pages\/29"}],"wp:attachment":[{"href":"https:\/\/kumla.naturskyddsforeningen.se\/index.php?rest_route=%2Fwp%2Fv2%2Fmedia&parent=41"}],"curies":[{"name":"wp","href":"https:\/\/api.w.org\/{rel}","templated":true}]}}