{"id":32,"date":"2013-11-26T15:07:42","date_gmt":"2013-11-26T14:07:42","guid":{"rendered":"http:\/\/kumla.naturskyddsforeningen.se\/?page_id=32"},"modified":"2018-11-09T11:51:19","modified_gmt":"2018-11-09T10:51:19","slug":"bjorka-lertag","status":"publish","type":"page","link":"https:\/\/kumla.naturskyddsforeningen.se\/?page_id=32","title":{"rendered":"Bj\u00f6rka lertag"},"content":{"rendered":"<p><strong>Bj\u00f6rka lertag, ca 30 ha<\/strong><span style=\"font-family: Arial, Helvetica, sans-serif\">,<br \/>\n\u00c4r ett f d lertag f\u00f6r Hallsbergs tegelbruk, som iordningst\u00e4llts som f\u00e5gelreservat. Reservatet utvidgades 2012 med Via lertag som \u00e4r n\u00e4stan lika stort. Promenadstig och\u00a0 tv\u00e5 f\u00e5geltorn plus en plattform finns.<br \/>\n<\/span><span style=\"font-family: Arial, Helvetica, sans-serif\">F\u00e5gelarter som h\u00e4ckar \u00e4r brun k\u00e4rrh\u00f6k, tornfalk (vid ladan), s\u00e5ngsvan, mindre strandpipare, vattenrall, tofsvipa, soth\u00f6ns, flera s\u00e5ngf\u00e5gelarter samt \u00f6vervintrande jorduggla, varf\u00e5gel, sk\u00e4ggmes m fl. Vattensalamander och \u00e5kergroda finns d\u00e4r och gr\u00e4vling, r\u00e5djur, hare och r\u00e4v bes\u00f6ker ocks\u00e5 ofta omr\u00e5det. \u00c5kergrodans lek \u00e4r unik p\u00e5 v\u00e5ren, den blir d\u00e5 bl\u00e5 under kort tid. De s\u00e5 kallade LOD-dammarna intill bes\u00f6ks \u00e4ven av f\u00e5glar.<\/span><\/p>\n<p><strong>L\u00e4ge:<\/strong><\/p>\n<p>500 m SV Kriminalv\u00e5rdsantalten i Kumlas sydv\u00e4stra utkant.<\/p>\n<p><strong>V\u00e4gbeskrivning:<\/strong><\/p>\n<p>\u00c5k s\u00f6derut f\u00f6rbi Kumla kriminalv\u00e5rdsanstalt och f\u00f6lj skyltar mot Bj\u00f6rka lertag. \u00c4ven skyltat fr\u00e5n gamla riksv\u00e4gen mellan Kumla och Hallsberg.<\/p>\n","protected":false},"excerpt":{"rendered":"<p>Bj\u00f6rka lertag, ca 30 ha, \u00c4r ett f d lertag f\u00f6r Hallsbergs tegelbruk, som iordningst\u00e4llts som f\u00e5gelreservat. Reservatet utvidgades 2012 med Via lertag som \u00e4r n\u00e4stan lika stort. Promenadstig och\u00a0 tv\u00e5 f\u00e5geltorn plus en plattform finns. F\u00e5gelarter som h\u00e4ckar \u00e4r brun k\u00e4rrh\u00f6k, tornfalk (vid ladan), s\u00e5ngsvan, mindre strandpipare, vattenrall, tofsvipa, soth\u00f6ns, flera s\u00e5ngf\u00e5gelarter samt \u00f6vervintrande [&hellip;]<\/p>\n","protected":false},"author":173,"featured_media":0,"parent":29,"menu_order":0,"comment_status":"open","ping_status":"open","template":"","meta":{"_acf_changed":false,"footnotes":""},"acf":[],"jetpack_sharing_enabled":true,"featured_image_src":null,"featured_image_src_square":null,"_links":{"self":[{"href":"https:\/\/kumla.naturskyddsforeningen.se\/index.php?rest_route=\/wp\/v2\/pages\/32"}],"collection":[{"href":"https:\/\/kumla.naturskyddsforeningen.se\/index.php?rest_route=\/wp\/v2\/pages"}],"about":[{"href":"https:\/\/kumla.naturskyddsforeningen.se\/index.php?rest_route=\/wp\/v2\/types\/page"}],"author":[{"embeddable":true,"href":"https:\/\/kumla.naturskyddsforeningen.se\/index.php?rest_route=\/wp\/v2\/users\/173"}],"replies":[{"embeddable":true,"href":"https:\/\/kumla.naturskyddsforeningen.se\/index.php?rest_route=%2Fwp%2Fv2%2Fcomments&post=32"}],"version-history":[{"count":7,"href":"https:\/\/kumla.naturskyddsforeningen.se\/index.php?rest_route=\/wp\/v2\/pages\/32\/revisions"}],"predecessor-version":[{"id":272,"href":"https:\/\/kumla.naturskyddsforeningen.se\/index.php?rest_route=\/wp\/v2\/pages\/32\/revisions\/272"}],"up":[{"embeddable":true,"href":"https:\/\/kumla.naturskyddsforeningen.se\/index.php?rest_route=\/wp\/v2\/pages\/29"}],"wp:attachment":[{"href":"https:\/\/kumla.naturskyddsforeningen.se\/index.php?rest_route=%2Fwp%2Fv2%2Fmedia&parent=32"}],"curies":[{"name":"wp","href":"https:\/\/api.w.org\/{rel}","templated":true}]}}