{"id":29,"date":"2013-11-26T15:01:14","date_gmt":"2013-11-26T14:01:14","guid":{"rendered":"http:\/\/kumla.naturskyddsforeningen.se\/?page_id=29"},"modified":"2013-12-23T16:20:08","modified_gmt":"2013-12-23T15:20:08","slug":"smultronstallen","status":"publish","type":"page","link":"https:\/\/kumla.naturskyddsforeningen.se\/?page_id=29","title":{"rendered":"Smultronst\u00e4llen"},"content":{"rendered":"<p><strong>H\u00e4r ska du kunna hitta information om intresssanta platser i och omkring Kumla<\/strong><\/p>\n<p><a title=\"Bj\u00f6rka lertag\" href=\"https:\/\/kumla.naturskyddsforeningen.se\/smultronstallen\/bjorka-lertag\/\">Bj\u00f6rka lertag<\/a>, f\u00e5gelreservat i Kumlas sydv\u00e4stra utkant<\/p>\n<p><a title=\"Blacksta\" href=\"https:\/\/kumla.naturskyddsforeningen.se\/smultronstallen\/blacksta\/\">Blacksta<\/a>, naturminne 2km s\u00f6der om Kumla kyrka<\/p>\n<p><a title=\"Ekebymossen\" href=\"https:\/\/kumla.naturskyddsforeningen.se\/smultronstallen\/ekebymossen\/\">Ekebymossen<\/a>, h\u00f6gmosse 3km norr om Kumla<\/p>\n<p><a title=\"Hult\" href=\"https:\/\/kumla.naturskyddsforeningen.se\/smultronstallen\/hult\/\">Hult<\/a>, naturreservat s\u00f6der om Tomta<\/p>\n<p><a title=\"Igeln\" href=\"https:\/\/kumla.naturskyddsforeningen.se\/smultronstallen\/igeln\/\">Igeln<\/a>, sj\u00f6 s\u00f6der om P\u00e5lsboda med f\u00e5geltorn<\/p>\n<p><a title=\"J\u00e4rsj\u00f6 h\u00e4llar\" href=\"https:\/\/kumla.naturskyddsforeningen.se\/jarsjo-hallar\/\">J\u00e4rsj\u00f6 h\u00e4llar<\/a>, biotopskyddad rasbrant s\u00f6der om Kumla<\/p>\n<p><a title=\"Kvismaren\" href=\"https:\/\/kumla.naturskyddsforeningen.se\/kvismaren\/\">Kvismaren<\/a>, internationellt k\u00e4nt v\u00e5tmarksomr\u00e5de f\u00f6r f\u00e5glar \u00f6ster om Kumla<\/p>\n<p><a title=\"Kumla h\u00f6gar\" href=\"https:\/\/kumla.naturskyddsforeningen.se\/kumla-hogar\/\">Kumla h\u00f6gar<\/a>, naturpark i Kumla<\/p>\n<p><a title=\"Lekebacken\" href=\"https:\/\/kumla.naturskyddsforeningen.se\/lekebacken\/\">Lekebacken<\/a>, drumlin och fornminnesomr\u00e5de \u00f6ster om Kumla<\/p>\n<p><a title=\"H\u00e4llkistan\" href=\"https:\/\/kumla.naturskyddsforeningen.se\/smultronstallen\/hallkistan\/\">H\u00e4llkistan<\/a>, naturreservat i Yxhult<\/p>\n<p><a title=\"Norra Mossby\" href=\"https:\/\/kumla.naturskyddsforeningen.se\/smultronstallen\/norra-mossby\/\">Norra Mossby<\/a>, naturreservat i H\u00e4llabrottet \u00f6ster om Kumla<\/p>\n<p><a title=\"Nykvarn\" href=\"https:\/\/kumla.naturskyddsforeningen.se\/smultronstallen\/nykvarn\/\">Nykvarn och Blacksta\u00e5n<\/a>, en 2km l\u00e5ng fin \u00e5str\u00e4cka s\u00f6der om Kumla<\/p>\n<p><a title=\"S\u00e4bylund\" href=\"https:\/\/kumla.naturskyddsforeningen.se\/smultronstallen\/sabylund\/\">S\u00e4bylund<\/a>, herrg\u00e5rd engelsk park norr om Kumla<\/p>\n<p><a title=\"S\u00f6dra Mossby\" href=\"https:\/\/kumla.naturskyddsforeningen.se\/smultronstallen\/sodra-mossby\/\">S\u00f6dra Mossby<\/a>, naturminne p\u00e5 kalkberggrund sydost om Kumla<\/p>\n<p><a title=\"Skarbysj\u00f6n (fd)\" href=\"https:\/\/kumla.naturskyddsforeningen.se\/smultronstallen\/skarbysjon-fd\/\">F\u00f6re detta Skarbysj\u00f6n<\/a>, med drumlinomr\u00e5de v\u00e4ster om Kumla<\/p>\n<p><a title=\"Viaskogen\" href=\"https:\/\/kumla.naturskyddsforeningen.se\/smultronstallen\/viaskogen\/\">Viaskogen<\/a>, t\u00e4tortsn\u00e4ra naturreservat s\u00f6der om Kumla<\/p>\n<p><a title=\"\u00d6jamossen\" href=\"https:\/\/kumla.naturskyddsforeningen.se\/smultronstallen\/ojamossen\/\">\u00d6jamossen<\/a>, h\u00f6gmosse med Kumlas enda naturliga sj\u00f6 v\u00e4ster om Kumla<\/p>\n","protected":false},"excerpt":{"rendered":"<p>H\u00e4r ska du kunna hitta information om intresssanta platser i och omkring Kumla Bj\u00f6rka lertag, f\u00e5gelreservat i Kumlas sydv\u00e4stra utkant Blacksta, naturminne 2km s\u00f6der om Kumla kyrka Ekebymossen, h\u00f6gmosse 3km norr om Kumla Hult, naturreservat s\u00f6der om Tomta Igeln, sj\u00f6 s\u00f6der om P\u00e5lsboda med f\u00e5geltorn J\u00e4rsj\u00f6 h\u00e4llar, biotopskyddad rasbrant s\u00f6der om Kumla Kvismaren, internationellt k\u00e4nt [&hellip;]<\/p>\n","protected":false},"author":173,"featured_media":0,"parent":0,"menu_order":0,"comment_status":"open","ping_status":"open","template":"","meta":{"_acf_changed":false,"footnotes":""},"acf":[],"jetpack_sharing_enabled":true,"featured_image_src":null,"featured_image_src_square":null,"_links":{"self":[{"href":"https:\/\/kumla.naturskyddsforeningen.se\/index.php?rest_route=\/wp\/v2\/pages\/29"}],"collection":[{"href":"https:\/\/kumla.naturskyddsforeningen.se\/index.php?rest_route=\/wp\/v2\/pages"}],"about":[{"href":"https:\/\/kumla.naturskyddsforeningen.se\/index.php?rest_route=\/wp\/v2\/types\/page"}],"author":[{"embeddable":true,"href":"https:\/\/kumla.naturskyddsforeningen.se\/index.php?rest_route=\/wp\/v2\/users\/173"}],"replies":[{"embeddable":true,"href":"https:\/\/kumla.naturskyddsforeningen.se\/index.php?rest_route=%2Fwp%2Fv2%2Fcomments&post=29"}],"version-history":[{"count":9,"href":"https:\/\/kumla.naturskyddsforeningen.se\/index.php?rest_route=\/wp\/v2\/pages\/29\/revisions"}],"predecessor-version":[{"id":122,"href":"https:\/\/kumla.naturskyddsforeningen.se\/index.php?rest_route=\/wp\/v2\/pages\/29\/revisions\/122"}],"wp:attachment":[{"href":"https:\/\/kumla.naturskyddsforeningen.se\/index.php?rest_route=%2Fwp%2Fv2%2Fmedia&parent=29"}],"curies":[{"name":"wp","href":"https:\/\/api.w.org\/{rel}","templated":true}]}}