{"id":2,"date":"2013-10-30T08:03:18","date_gmt":"2013-10-30T08:03:18","guid":{"rendered":"http:\/\/kumla.wp.naturskyddsforeningen.se\/?page_id=2"},"modified":"2026-05-04T18:06:25","modified_gmt":"2026-05-04T16:06:25","slug":"exempelsida","status":"publish","type":"page","link":"https:\/\/kumla.naturskyddsforeningen.se\/?page_id=2","title":{"rendered":"Styrelsen"},"content":{"rendered":"<h3>Styrelsen best\u00e5 av f\u00f6ljande personer<\/h3>\n<table border=\"1\" width=\"100%\">\n<tbody>\n<tr>\n<td width=\"26%\" height=\"30\">Ordf\u00f6rande, Ledningsgrupp<\/td>\n<td width=\"36%\" height=\"30\"><a href=\"mailto:britteklof00@gmail.com\"><span style=\"color: #0000ff\">Britt Ekl\u00f6f<\/span><\/a><\/td>\n<td width=\"38%\" height=\"30\">Tel:070-3677850<\/td>\n<\/tr>\n<tr>\n<td width=\"26%\">Ledningsgrupp<\/td>\n<td width=\"36%\"><a href=\"mailto:ninaliljegren44@gmail.com\">Kristina Liljegren<\/a><\/td>\n<td width=\"38%\">Tel: 070-8489844<\/td>\n<\/tr>\n<tr>\n<td width=\"26%\">Kass\u00f6r, Ledningsgrupp<\/td>\n<td width=\"36%\"><a href=\"mailto:yvonne54persson@hotmail.com\">Yvonne Persson<\/a><\/td>\n<td width=\"38%\">Tel:019-571700, 073-6934362<\/td>\n<\/tr>\n<tr>\n<td width=\"26%\">Sekreterare<\/td>\n<td width=\"36%\"><a href=\"mailto:lailahjensen@hotmail.com\">Laila Jensen<\/a><\/td>\n<td width=\"38%\">Tel: 073-648 38 26<\/td>\n<\/tr>\n<tr>\n<td width=\"26%\">Ledamot<\/td>\n<td width=\"36%\"><a href=\"mailto:kent.wahlstedt@telia.com\">Kent Wahlstedt<\/a><\/td>\n<td width=\"38%\">Tel: 070-2921076<\/td>\n<\/tr>\n<tr>\n<td width=\"26%\">Ledamot<\/td>\n<td width=\"36%\"><a href=\"mailto:l.ake.nilsson@telia.com\"><span style=\"color: #0000ff\">\u00c5ke Nilsson<\/span><\/a><\/td>\n<td width=\"38%\">Tel: 070-3922337<\/td>\n<\/tr>\n<tr>\n<td width=\"26%\">Ledamot<\/td>\n<td width=\"36%\"><a href=\"mailto:britaw@telia.com\">Britta Westergren<\/a><\/td>\n<td width=\"38%\">Tel: 019-583452, 070-5834522<\/td>\n<\/tr>\n<tr>\n<td width=\"26%\">Ledamot<\/td>\n<td width=\"36%\"><a href=\"johan.1984fredriksson@hotmail.com\">Johan Fredriksson<\/a><\/td>\n<td width=\"38%\"><\/td>\n<\/tr>\n<tr>\n<td width=\"26%\"><\/td>\n<td width=\"36%\"><\/td>\n<td width=\"38%\"><\/td>\n<\/tr>\n<\/tbody>\n<\/table>\n<p>&nbsp;<\/p>\n<h3>\u00d6vriga funktion\u00e4rer<\/h3>\n<table style=\"height: 86px\" border=\"1\" width=\"578\">\n<tbody>\n<tr>\n<td width=\"26%\">Stugfogde Eken\u00e4s<\/td>\n<td width=\"36%\"><a href=\"mailto:kent.wahlstedt@telia.com\">Kent Wahlstedt<\/a><\/td>\n<td width=\"38%\">Tel: 070-5815047<\/td>\n<\/tr>\n<tr>\n<td width=\"26%\">F\u00e5geltornsfogde Igeln<\/td>\n<td width=\"36%\"><a href=\"mailto:kent.wahlstedt@telia.com\">Kent Wahlstedt<\/a><\/td>\n<td width=\"38%\">Tel: 070-5815047<\/td>\n<\/tr>\n<tr>\n<td width=\"26%\">Hemsidesansvarig<\/td>\n<td width=\"36%\"><a href=\"mailto:l.ake.nilsson@telia.com\"><span style=\"color: #0000ff\">\u00c5ke Nilsson<\/span><\/a><\/td>\n<td width=\"38%\">Tel: 070-3922337<\/td>\n<\/tr>\n<\/tbody>\n<\/table>\n<p>&nbsp;<\/p>\n<h4>Verksamhetsber\u00e4ttelse<\/h4>\n<p>H\u00e4r kan ni l\u00e4sa om f\u00f6reningens verksamhet f\u00f6r 2025\u00a0 <a href=\"https:\/\/kumla.naturskyddsforeningen.se\/wp-content\/uploads\/sites\/161\/2026\/05\/Verksamhetsberattelse-2025.pdf\">Verksamhetsber\u00e4ttelse f\u00f6r 2025<\/a><\/p>\n","protected":false},"excerpt":{"rendered":"<p>Styrelsen best\u00e5 av f\u00f6ljande personer Ordf\u00f6rande, Ledningsgrupp Britt Ekl\u00f6f Tel:070-3677850 Ledningsgrupp Kristina Liljegren Tel: 070-8489844 Kass\u00f6r, Ledningsgrupp Yvonne Persson Tel:019-571700, 073-6934362 Sekreterare Laila Jensen Tel: 073-648 38 26 Ledamot Kent Wahlstedt Tel: 070-2921076 Ledamot \u00c5ke Nilsson Tel: 070-3922337 Ledamot Britta Westergren Tel: 019-583452, 070-5834522 Ledamot Johan Fredriksson &nbsp; \u00d6vriga funktion\u00e4rer Stugfogde Eken\u00e4s Kent Wahlstedt Tel: [&hellip;]<\/p>\n","protected":false},"author":7,"featured_media":0,"parent":0,"menu_order":0,"comment_status":"open","ping_status":"open","template":"","meta":{"_acf_changed":false,"footnotes":""},"acf":[],"jetpack_sharing_enabled":true,"featured_image_src":null,"featured_image_src_square":null,"_links":{"self":[{"href":"https:\/\/kumla.naturskyddsforeningen.se\/index.php?rest_route=\/wp\/v2\/pages\/2"}],"collection":[{"href":"https:\/\/kumla.naturskyddsforeningen.se\/index.php?rest_route=\/wp\/v2\/pages"}],"about":[{"href":"https:\/\/kumla.naturskyddsforeningen.se\/index.php?rest_route=\/wp\/v2\/types\/page"}],"author":[{"embeddable":true,"href":"https:\/\/kumla.naturskyddsforeningen.se\/index.php?rest_route=\/wp\/v2\/users\/7"}],"replies":[{"embeddable":true,"href":"https:\/\/kumla.naturskyddsforeningen.se\/index.php?rest_route=%2Fwp%2Fv2%2Fcomments&post=2"}],"version-history":[{"count":34,"href":"https:\/\/kumla.naturskyddsforeningen.se\/index.php?rest_route=\/wp\/v2\/pages\/2\/revisions"}],"predecessor-version":[{"id":653,"href":"https:\/\/kumla.naturskyddsforeningen.se\/index.php?rest_route=\/wp\/v2\/pages\/2\/revisions\/653"}],"wp:attachment":[{"href":"https:\/\/kumla.naturskyddsforeningen.se\/index.php?rest_route=%2Fwp%2Fv2%2Fmedia&parent=2"}],"curies":[{"name":"wp","href":"https:\/\/api.w.org\/{rel}","templated":true}]}}