{"id":106,"date":"2013-12-23T15:10:20","date_gmt":"2013-12-23T14:10:20","guid":{"rendered":"http:\/\/kumla.naturskyddsforeningen.se\/?page_id=106"},"modified":"2018-11-09T11:49:34","modified_gmt":"2018-11-09T10:49:34","slug":"ojamossen","status":"publish","type":"page","link":"https:\/\/kumla.naturskyddsforeningen.se\/?page_id=106","title":{"rendered":"\u00d6jamossen"},"content":{"rendered":"<p><a href=\"https:\/\/kumla.naturskyddsforeningen.se\/wp-content\/uploads\/sites\/161\/2013\/12\/ojamossen1.jpg\"><img loading=\"lazy\" decoding=\"async\" class=\"alignnone size-full wp-image-108\" src=\"https:\/\/kumla.naturskyddsforeningen.se\/wp-content\/uploads\/sites\/161\/2013\/12\/ojamossen1.jpg\" alt=\"ojamossen1\" width=\"421\" height=\"316\" srcset=\"https:\/\/kumla.naturskyddsforeningen.se\/wp-content\/uploads\/sites\/161\/2013\/12\/ojamossen1.jpg 421w, https:\/\/kumla.naturskyddsforeningen.se\/wp-content\/uploads\/sites\/161\/2013\/12\/ojamossen1-300x225.jpg 300w\" sizes=\"(max-width: 421px) 100vw, 421px\" \/><\/a><\/p>\n<p><strong>\u00d6jamossen, Hardemo ca 100 ha<\/strong><br \/>\nDen \u00e4r den enda h\u00f6gmossen p\u00e5 N\u00e4rkessl\u00e4tten och mycket lite exploaterad. Kumlas enda naturliga sj\u00f6, \u00c4lgasj\u00f6n, ligger p\u00e5 mossen. En drumlin g\u00e5r i syd-nordlig riktning, Hullinge\u00e5sen. \u00c4nder, knipor, tranor, g\u00f6kar, orrar bes\u00f6ker omr\u00e5det. V\u00e4xtligheten best\u00e5r av vanliga mossarter, t ex tranb\u00e4r, rosling, kr\u00e5kris, hjortron och silesh\u00e5r. Fr\u00e5n v\u00e4gen leder en sp\u00e5ngad stig ut till mossg\u00f6len och en nyanlagd rastplats. En skogsv\u00e4g g\u00e5r p\u00e5 den skogskl\u00e4dda drumlinen fram till n\u00e5gra \u00e4ldre sommarhus.<br \/>\n<span style=\"font-family: Arial, Helvetica, sans-serif\"><strong>L\u00e4ge:<\/strong> 3 km v\u00e4ster om Hardemo kyrka i Kumlas v\u00e4stra f\u00f6rsamling.<br \/>\n<\/span><span style=\"font-family: Arial, Helvetica, sans-serif\"><strong>V\u00e4gbeskrivning<\/strong>: Tag av v\u00e4g norr om Hardemo kyrkog\u00e5rdsmur mot byn \u00d6ja, \u00e5k ca 3 km v\u00e4sterut tills mossen syns. Vid m\u00f6tesplats b\u00f6rjar stigen ut mot \u00c4lgasj\u00f6n.<\/span><\/p>\n<p><a href=\"https:\/\/kumla.naturskyddsforeningen.se\/wp-content\/uploads\/sites\/161\/2013\/12\/ojamossen2.png\"><img loading=\"lazy\" decoding=\"async\" class=\"alignnone size-full wp-image-109\" src=\"https:\/\/kumla.naturskyddsforeningen.se\/wp-content\/uploads\/sites\/161\/2013\/12\/ojamossen2.png\" alt=\"ojamossen2\" width=\"420\" height=\"315\" srcset=\"https:\/\/kumla.naturskyddsforeningen.se\/wp-content\/uploads\/sites\/161\/2013\/12\/ojamossen2.png 420w, https:\/\/kumla.naturskyddsforeningen.se\/wp-content\/uploads\/sites\/161\/2013\/12\/ojamossen2-300x225.png 300w\" sizes=\"(max-width: 420px) 100vw, 420px\" \/><\/a><\/p>\n","protected":false},"excerpt":{"rendered":"<p>\u00d6jamossen, Hardemo ca 100 ha Den \u00e4r den enda h\u00f6gmossen p\u00e5 N\u00e4rkessl\u00e4tten och mycket lite exploaterad. Kumlas enda naturliga sj\u00f6, \u00c4lgasj\u00f6n, ligger p\u00e5 mossen. En drumlin g\u00e5r i syd-nordlig riktning, Hullinge\u00e5sen. \u00c4nder, knipor, tranor, g\u00f6kar, orrar bes\u00f6ker omr\u00e5det. V\u00e4xtligheten best\u00e5r av vanliga mossarter, t ex tranb\u00e4r, rosling, kr\u00e5kris, hjortron och silesh\u00e5r. Fr\u00e5n v\u00e4gen leder en [&hellip;]<\/p>\n","protected":false},"author":173,"featured_media":0,"parent":29,"menu_order":0,"comment_status":"open","ping_status":"open","template":"","meta":{"_acf_changed":false,"footnotes":""},"acf":[],"jetpack_sharing_enabled":true,"featured_image_src":null,"featured_image_src_square":null,"_links":{"self":[{"href":"https:\/\/kumla.naturskyddsforeningen.se\/index.php?rest_route=\/wp\/v2\/pages\/106"}],"collection":[{"href":"https:\/\/kumla.naturskyddsforeningen.se\/index.php?rest_route=\/wp\/v2\/pages"}],"about":[{"href":"https:\/\/kumla.naturskyddsforeningen.se\/index.php?rest_route=\/wp\/v2\/types\/page"}],"author":[{"embeddable":true,"href":"https:\/\/kumla.naturskyddsforeningen.se\/index.php?rest_route=\/wp\/v2\/users\/173"}],"replies":[{"embeddable":true,"href":"https:\/\/kumla.naturskyddsforeningen.se\/index.php?rest_route=%2Fwp%2Fv2%2Fcomments&post=106"}],"version-history":[{"count":6,"href":"https:\/\/kumla.naturskyddsforeningen.se\/index.php?rest_route=\/wp\/v2\/pages\/106\/revisions"}],"predecessor-version":[{"id":271,"href":"https:\/\/kumla.naturskyddsforeningen.se\/index.php?rest_route=\/wp\/v2\/pages\/106\/revisions\/271"}],"up":[{"embeddable":true,"href":"https:\/\/kumla.naturskyddsforeningen.se\/index.php?rest_route=\/wp\/v2\/pages\/29"}],"wp:attachment":[{"href":"https:\/\/kumla.naturskyddsforeningen.se\/index.php?rest_route=%2Fwp%2Fv2%2Fmedia&parent=106"}],"curies":[{"name":"wp","href":"https:\/\/api.w.org\/{rel}","templated":true}]}}