{"id":104,"date":"2013-12-23T15:01:38","date_gmt":"2013-12-23T14:01:38","guid":{"rendered":"http:\/\/kumla.naturskyddsforeningen.se\/?page_id=104"},"modified":"2018-11-09T11:47:32","modified_gmt":"2018-11-09T10:47:32","slug":"viaskogen","status":"publish","type":"page","link":"https:\/\/kumla.naturskyddsforeningen.se\/?page_id=104","title":{"rendered":"Viaskogen"},"content":{"rendered":"<p><strong>Viaskogen, blandskog med kulturl\u00e4mningar, ca 60 ha,<br \/>\n<\/strong><span style=\"font-family: Arial, Helvetica, sans-serif\">Skogen \u00e4r Kumlabornas egen, med h\u00e4ckande duvh\u00f6k, flera hackspettarter, trast- och s\u00e5ngf\u00e5glar, nattviol, kn\u00e4rot, skogsknipprot och r\u00f6dlistad gr\u00f6n sk\u00f6ldmossa m fl arter \u00c4ven st\u00f6rre d\u00e4ggdjur bes\u00f6ker ofta omr\u00e5det t ex \u00e4lg, r\u00e5djur, r\u00e4v, hare. Kulturhistorisk intressant pga n\u00e4rheten till fd Sannaheds gamla milit\u00e4ra exercisplats \u2013 skyttevallen finns kvar i skogen. El-ljussp\u00e5r. Skogen blev <strong>naturreservat<\/strong> 2006.<br \/>\n<strong>L\u00e4ge<\/strong>: S\u00f6der om Kumlas s\u00f6dra del av t\u00e4torten<br \/>\n<strong>V\u00e4gbeskrivning<\/strong>: K\u00f6pmangatans s\u00f6dra f\u00f6rl\u00e4ngning, infart vid skylt Viasp\u00e5ret och naturreservat, Bilparkering finns vid ing\u00e5ngen \u00f6sterifr\u00e5n och fr\u00e5n cykelv\u00e4gen i Kumlaby.<br \/>\n<\/span><\/p>\n","protected":false},"excerpt":{"rendered":"<p>Viaskogen, blandskog med kulturl\u00e4mningar, ca 60 ha, Skogen \u00e4r Kumlabornas egen, med h\u00e4ckande duvh\u00f6k, flera hackspettarter, trast- och s\u00e5ngf\u00e5glar, nattviol, kn\u00e4rot, skogsknipprot och r\u00f6dlistad gr\u00f6n sk\u00f6ldmossa m fl arter \u00c4ven st\u00f6rre d\u00e4ggdjur bes\u00f6ker ofta omr\u00e5det t ex \u00e4lg, r\u00e5djur, r\u00e4v, hare. Kulturhistorisk intressant pga n\u00e4rheten till fd Sannaheds gamla milit\u00e4ra exercisplats \u2013 skyttevallen finns kvar [&hellip;]<\/p>\n","protected":false},"author":173,"featured_media":0,"parent":29,"menu_order":0,"comment_status":"open","ping_status":"open","template":"","meta":{"_acf_changed":false,"footnotes":""},"acf":[],"jetpack_sharing_enabled":true,"featured_image_src":null,"featured_image_src_square":null,"_links":{"self":[{"href":"https:\/\/kumla.naturskyddsforeningen.se\/index.php?rest_route=\/wp\/v2\/pages\/104"}],"collection":[{"href":"https:\/\/kumla.naturskyddsforeningen.se\/index.php?rest_route=\/wp\/v2\/pages"}],"about":[{"href":"https:\/\/kumla.naturskyddsforeningen.se\/index.php?rest_route=\/wp\/v2\/types\/page"}],"author":[{"embeddable":true,"href":"https:\/\/kumla.naturskyddsforeningen.se\/index.php?rest_route=\/wp\/v2\/users\/173"}],"replies":[{"embeddable":true,"href":"https:\/\/kumla.naturskyddsforeningen.se\/index.php?rest_route=%2Fwp%2Fv2%2Fcomments&post=104"}],"version-history":[{"count":3,"href":"https:\/\/kumla.naturskyddsforeningen.se\/index.php?rest_route=\/wp\/v2\/pages\/104\/revisions"}],"predecessor-version":[{"id":269,"href":"https:\/\/kumla.naturskyddsforeningen.se\/index.php?rest_route=\/wp\/v2\/pages\/104\/revisions\/269"}],"up":[{"embeddable":true,"href":"https:\/\/kumla.naturskyddsforeningen.se\/index.php?rest_route=\/wp\/v2\/pages\/29"}],"wp:attachment":[{"href":"https:\/\/kumla.naturskyddsforeningen.se\/index.php?rest_route=%2Fwp%2Fv2%2Fmedia&parent=104"}],"curies":[{"name":"wp","href":"https:\/\/api.w.org\/{rel}","templated":true}]}}