{"id":101,"date":"2013-12-23T10:45:34","date_gmt":"2013-12-23T09:45:34","guid":{"rendered":"http:\/\/kumla.naturskyddsforeningen.se\/?page_id=101"},"modified":"2018-11-09T11:37:05","modified_gmt":"2018-11-09T10:37:05","slug":"skarbysjon-fd","status":"publish","type":"page","link":"https:\/\/kumla.naturskyddsforeningen.se\/?page_id=101","title":{"rendered":"Skarbysj\u00f6n (fd)"},"content":{"rendered":"<p><strong>Fd Skarbysj\u00f6n, Hardemo, ca 2 kv km <\/strong><\/p>\n<p>Den\u00a0 intilliggande drumlinen g\u00e5r\u00a0 i nord-sydlig riktning. Den \u00e4r en hasselbacke med fin v\u00e5r- och f\u00f6rsommarflora ex nunne\u00f6rt, v\u00e5rl\u00f6k, bl\u00e5sippa och lung\u00f6rt. B\u00e4ver lever i strandbrinken. Rastande flyttf\u00e5glar bes\u00f6ker omr\u00e5det vid \u00f6versv\u00e4mningar v\u00e5r och h\u00f6st. Madmarkerna vid Alavi \u00e4r renoverade som strandbete.<br \/>\nEn ny mindre sj\u00f6 \u00e4r anlagd ca 500 m s\u00f6derut, \u00f6ster om v\u00e4gen.<br \/>\n<span style=\"font-family: Arial, Helvetica, sans-serif\"><strong>L\u00e4ge<\/strong>: F\u00e5gelv\u00e4gen ca 5 km v\u00e4ster om Hardemo kyrka.<br \/>\n<\/span><span style=\"font-family: Arial, Helvetica, sans-serif\"><strong>V\u00e4gbeskrivning<\/strong>: 6 km sydv\u00e4st Hardemo kyrka, efter \u00d6jamossen sv\u00e4ng v\u00e4nster mot N\u00e4l\u00f6n, \u00e5k ytterligare 1 km, omr\u00e5det ligger p\u00e5 v\u00e4gens norra sida, liten g\u00e4rdsv\u00e4g leder ned till \u00e5n.<br \/>\n<\/span><\/p>\n","protected":false},"excerpt":{"rendered":"<p>Fd Skarbysj\u00f6n, Hardemo, ca 2 kv km Den\u00a0 intilliggande drumlinen g\u00e5r\u00a0 i nord-sydlig riktning. Den \u00e4r en hasselbacke med fin v\u00e5r- och f\u00f6rsommarflora ex nunne\u00f6rt, v\u00e5rl\u00f6k, bl\u00e5sippa och lung\u00f6rt. B\u00e4ver lever i strandbrinken. Rastande flyttf\u00e5glar bes\u00f6ker omr\u00e5det vid \u00f6versv\u00e4mningar v\u00e5r och h\u00f6st. Madmarkerna vid Alavi \u00e4r renoverade som strandbete. En ny mindre sj\u00f6 \u00e4r anlagd [&hellip;]<\/p>\n","protected":false},"author":173,"featured_media":0,"parent":29,"menu_order":0,"comment_status":"open","ping_status":"open","template":"","meta":{"_acf_changed":false,"footnotes":""},"acf":[],"jetpack_sharing_enabled":true,"featured_image_src":null,"featured_image_src_square":null,"_links":{"self":[{"href":"https:\/\/kumla.naturskyddsforeningen.se\/index.php?rest_route=\/wp\/v2\/pages\/101"}],"collection":[{"href":"https:\/\/kumla.naturskyddsforeningen.se\/index.php?rest_route=\/wp\/v2\/pages"}],"about":[{"href":"https:\/\/kumla.naturskyddsforeningen.se\/index.php?rest_route=\/wp\/v2\/types\/page"}],"author":[{"embeddable":true,"href":"https:\/\/kumla.naturskyddsforeningen.se\/index.php?rest_route=\/wp\/v2\/users\/173"}],"replies":[{"embeddable":true,"href":"https:\/\/kumla.naturskyddsforeningen.se\/index.php?rest_route=%2Fwp%2Fv2%2Fcomments&post=101"}],"version-history":[{"count":3,"href":"https:\/\/kumla.naturskyddsforeningen.se\/index.php?rest_route=\/wp\/v2\/pages\/101\/revisions"}],"predecessor-version":[{"id":264,"href":"https:\/\/kumla.naturskyddsforeningen.se\/index.php?rest_route=\/wp\/v2\/pages\/101\/revisions\/264"}],"up":[{"embeddable":true,"href":"https:\/\/kumla.naturskyddsforeningen.se\/index.php?rest_route=\/wp\/v2\/pages\/29"}],"wp:attachment":[{"href":"https:\/\/kumla.naturskyddsforeningen.se\/index.php?rest_route=%2Fwp%2Fv2%2Fmedia&parent=101"}],"curies":[{"name":"wp","href":"https:\/\/api.w.org\/{rel}","templated":true}]}}